{"id":235,"date":"2024-06-22T13:08:25","date_gmt":"2024-06-22T13:08:25","guid":{"rendered":"https:\/\/gjinekologjia.com\/?page_id=235"},"modified":"2025-05-17T11:37:39","modified_gmt":"2025-05-17T11:37:39","slug":"ultrazeri-4d-5d","status":"publish","type":"page","link":"https:\/\/gjinekologjia.com\/?page_id=235","title":{"rendered":"Ultraz\u00ebri 4D\/5D"},"content":{"rendered":"<div class=\"row row-collapse row-full-width\"  id=\"row-874431263\">\n\n\t<div id=\"col-524561746\" class=\"col medium-3 small-4 large-3\"  >\n\t\t\t\t<div class=\"col-inner\"  >\n\t\t\t\n\t\t\t\n\t<div class=\"img has-hover x md-x lg-x y md-y lg-y\" id=\"image_1145083475\">\n\t\t\t\t\t\t\t\t<div class=\"img-inner image-cover dark\" style=\"padding-top:75%;\">\n\t\t\t<img loading=\"lazy\" decoding=\"async\" width=\"1000\" height=\"667\" src=\"https:\/\/gjinekologjia.com\/wp-content\/uploads\/2021\/07\/Gynecology-in-Udaipur.jpg\" class=\"attachment-original size-original\" alt=\"\" srcset=\"https:\/\/gjinekologjia.com\/wp-content\/uploads\/2021\/07\/Gynecology-in-Udaipur.jpg 1000w, https:\/\/gjinekologjia.com\/wp-content\/uploads\/2021\/07\/Gynecology-in-Udaipur-300x200.jpg 300w, https:\/\/gjinekologjia.com\/wp-content\/uploads\/2021\/07\/Gynecology-in-Udaipur-768x512.jpg 768w\" sizes=\"auto, (max-width: 1000px) 100vw, 1000px\" \/>\t\t\t\t\t\t\n\t\t\t\t\t<\/div>\n\t\t\t\t\t\t\t\t\n<style>\n#image_1145083475 {\n  width: 100%;\n}\n<\/style>\n\t<\/div>\n\t\n\t\t<\/div>\n\t\t\t\t\t<\/div>\n\n\t\n\n\t<div id=\"col-1207089103\" class=\"col medium-3 small-4 large-3\"  >\n\t\t\t\t<div class=\"col-inner\"  >\n\t\t\t\n\t\t\t\n\t<div class=\"img has-hover x md-x lg-x y md-y lg-y\" id=\"image_532602000\">\n\t\t\t\t\t\t\t\t<div class=\"img-inner image-cover dark\" style=\"padding-top:75%;\">\n\t\t\t<img loading=\"lazy\" decoding=\"async\" width=\"400\" height=\"267\" src=\"https:\/\/gjinekologjia.com\/wp-content\/uploads\/2021\/07\/05152020-Colposcopy.jpg\" class=\"attachment-large size-large\" alt=\"\" srcset=\"https:\/\/gjinekologjia.com\/wp-content\/uploads\/2021\/07\/05152020-Colposcopy.jpg 400w, https:\/\/gjinekologjia.com\/wp-content\/uploads\/2021\/07\/05152020-Colposcopy-300x200.jpg 300w\" sizes=\"auto, (max-width: 400px) 100vw, 400px\" \/>\t\t\t\t\t\t\n\t\t\t\t\t<\/div>\n\t\t\t\t\t\t\t\t\n<style>\n#image_532602000 {\n  width: 100%;\n}\n<\/style>\n\t<\/div>\n\t\n\t\t<\/div>\n\t\t\t\t\t<\/div>\n\n\t\n\n\t<div id=\"col-647260103\" class=\"col medium-3 small-4 large-3\"  >\n\t\t\t\t<div class=\"col-inner\"  >\n\t\t\t\n\t\t\t\n\t<div class=\"img has-hover x md-x lg-x y md-y lg-y\" id=\"image_951061207\">\n\t\t\t\t\t\t\t\t<div class=\"img-inner image-cover dark\" style=\"padding-top:75%;\">\n\t\t\t<img loading=\"lazy\" decoding=\"async\" width=\"900\" height=\"600\" src=\"https:\/\/gjinekologjia.com\/wp-content\/uploads\/2021\/07\/mhpg_obstetrics_and_gynecology.jpg\" class=\"attachment-large size-large\" alt=\"\" srcset=\"https:\/\/gjinekologjia.com\/wp-content\/uploads\/2021\/07\/mhpg_obstetrics_and_gynecology.jpg 900w, https:\/\/gjinekologjia.com\/wp-content\/uploads\/2021\/07\/mhpg_obstetrics_and_gynecology-300x200.jpg 300w, https:\/\/gjinekologjia.com\/wp-content\/uploads\/2021\/07\/mhpg_obstetrics_and_gynecology-768x512.jpg 768w\" sizes=\"auto, (max-width: 900px) 100vw, 900px\" \/>\t\t\t\t\t\t\n\t\t\t\t\t<\/div>\n\t\t\t\t\t\t\t\t\n<style>\n#image_951061207 {\n  width: 100%;\n}\n<\/style>\n\t<\/div>\n\t\n\t\t<\/div>\n\t\t\t\t\t<\/div>\n\n\t\n\n\t<div id=\"col-1891005092\" class=\"col medium-3 small-12 large-3\"  >\n\t\t\t\t<div class=\"col-inner\"  >\n\t\t\t\n\t\t\t\n\t<div class=\"img has-hover x md-x lg-x y md-y lg-y\" id=\"image_229526542\">\n\t\t\t\t\t\t\t\t<div class=\"img-inner image-cover dark\" style=\"padding-top:75%;\">\n\t\t\t<img loading=\"lazy\" decoding=\"async\" width=\"1020\" height=\"680\" src=\"https:\/\/gjinekologjia.com\/wp-content\/uploads\/2021\/07\/iStock-1089689622-1024x683.jpg\" class=\"attachment-large size-large\" alt=\"\" srcset=\"https:\/\/gjinekologjia.com\/wp-content\/uploads\/2021\/07\/iStock-1089689622-1024x683.jpg 1024w, https:\/\/gjinekologjia.com\/wp-content\/uploads\/2021\/07\/iStock-1089689622-300x200.jpg 300w, https:\/\/gjinekologjia.com\/wp-content\/uploads\/2021\/07\/iStock-1089689622-768x512.jpg 768w, https:\/\/gjinekologjia.com\/wp-content\/uploads\/2021\/07\/iStock-1089689622.jpg 1254w\" sizes=\"auto, (max-width: 1020px) 100vw, 1020px\" \/>\t\t\t\t\t\t\n\t\t\t\t\t<\/div>\n\t\t\t\t\t\t\t\t\n<style>\n#image_229526542 {\n  width: 100%;\n}\n<\/style>\n\t<\/div>\n\t\n\t\t<\/div>\n\t\t\t\t\t<\/div>\n\n\t\n<\/div>\n\n\t<section class=\"section\" id=\"section_114739028\">\n\t\t<div class=\"section-bg fill\" >\n\t\t\t\t\t\t\t\t\t\n\t\t\t\n\n\t\t<\/div>\n\n\t\t\n\n\t\t<div class=\"section-content relative\">\n\t\t\t\n<div class=\"row\"  id=\"row-888215988\">\n\n\t<div id=\"col-1550351709\" class=\"col small-12 large-12\"  >\n\t\t\t\t<div class=\"col-inner\"  >\n\t\t\t\n\t\t\t\n<div class=\"container section-title-container\" ><h3 class=\"section-title section-title-normal\"><b aria-hidden=\"true\"><\/b><span class=\"section-title-main\" style=\"font-size:125%;\">ULTRAZ\u00cbRI 4D\/5D<\/span><b aria-hidden=\"true\"><\/b><\/h3><\/div>\n\t\t<\/div>\n\t\t\t\t\t<\/div>\n\n\t\n<\/div>\n<div class=\"row\"  id=\"row-1612149927\">\n\n\t<div id=\"col-1339356455\" class=\"col medium-7 small-12 large-7\"  >\n\t\t\t\t<div class=\"col-inner\"  >\n\t\t\t\n\t\t\t\n<p style=\"text-align: justify;\">Ultraz\u00ebri 4D\/5D \u00ebsht\u00eb nj\u00eb teknologji e avancuar e imazheris\u00eb q\u00eb ofron pamje t\u00eb qarta dhe t\u00eb detajuara t\u00eb fetusit n\u00eb koh\u00eb reale. Kjo metod\u00eb p\u00ebrdoret gjer\u00ebsisht p\u00ebr t\u00eb monitoruar zhvillimin e shtatz\u00ebnis\u00eb dhe p\u00ebr t\u00eb zbuluar patologjit\u00eb e mundshme.<\/p>\n<p><strong>P\u00ebrfitimet e Ultraz\u00ebrit 4D\/5D<\/strong><\/p>\n<ul>\n<li class=\"bullet-arrow\"><span style=\"font-size: 90%;\"><strong>Pamje t\u00eb Detajuara<\/strong>: Ofron vizualizim t\u00eb qart\u00eb t\u00eb strukturave fetale, duke p\u00ebrfshir\u00eb fytyr\u00ebn dhe l\u00ebvizjet.<\/span><\/li>\n<li class=\"bullet-arrow\"><span style=\"font-size: 90%;\"><strong>Monitorim i Zhvillimit<\/strong>: Ndihmon n\u00eb vler\u00ebsimin e zhvillimit t\u00eb fetusit dhe identifikimin e anomalive t\u00eb mundshme.<\/span><\/li>\n<li class=\"bullet-arrow\"><span style=\"font-size: 90%;\"><strong>Lidhja me Foshnj\u00ebn<\/strong>: P\u00ebrmir\u00ebson lidhjen emocionale midis prind\u00ebrve dhe foshnj\u00ebs duke ofruar imazhe t\u00eb gjalla dhe t\u00eb detajuara.<\/span><\/li>\n<\/ul>\n<p><strong>Procesi i Ultraz\u00ebrit<\/strong><\/p>\n<ul>\n<li class=\"bullet-arrow\"><span style=\"font-size: 90%;\"><strong>P\u00ebrgatitja<\/strong>: Pacienti duhet t\u00eb jet\u00eb i qet\u00eb dhe t\u00eb ket\u00eb nj\u00eb fshik\u00ebz urin\u00eb t\u00eb plot\u00eb p\u00ebr nj\u00eb imazher\u00eb m\u00eb t\u00eb qart\u00eb.<\/span><\/li>\n<li class=\"bullet-arrow\"><span style=\"font-size: 90%;\"><strong>Ekzaminimi<\/strong>: Teknologjia p\u00ebrdor nj\u00eb transduktor q\u00eb l\u00ebshon val\u00eb zanore p\u00ebr t\u00eb krijuar imazhe t\u00eb fetusit n\u00eb koh\u00eb reale.<\/span><\/li>\n<li class=\"bullet-arrow\"><span style=\"font-size: 90%;\"><strong>Rezultatet<\/strong>: Imazhet dhe videot e marra gjat\u00eb ekzaminimit mund t\u00eb ruhen dhe t\u00eb shp\u00ebrndahen me prind\u00ebrit.<\/span><\/li>\n<\/ul>\n<p><strong>Pse t\u00eb Zgjidhni Ultraz\u00ebrin 4D\/5D?<\/strong><\/p>\n<ul>\n<li class=\"bullet-arrow\"><span style=\"font-size: 90%;\"><strong>Sakt\u00ebsia Diagnostike<\/strong>: P\u00ebrdorimi i teknologjis\u00eb s\u00eb avancuar siguron rezultate m\u00eb t\u00eb sakta dhe t\u00eb detajuara.<\/span><\/li>\n<li class=\"bullet-arrow\"><span style=\"font-size: 90%;\"><strong>P\u00ebrvoja Vizuale Unike<\/strong>: Pamjet 4D\/5D ofrojn\u00eb nj\u00eb p\u00ebrvoj\u00eb t\u00eb ve\u00e7ant\u00eb dhe t\u00eb paharrueshme p\u00ebr prind\u00ebrit e ardhsh\u00ebm.<\/span><\/li>\n<\/ul>\n\t\t<\/div>\n\t\t\t\t\t<\/div>\n\n\t\n\n\t<div id=\"col-821098465\" class=\"col medium-5 small-12 large-5\"  >\n\t\t<div class=\"is-sticky-column\"><div class=\"is-sticky-column__inner\">\t\t<div class=\"col-inner\"  >\n\t\t\t\n\t<div class=\"is-border\"\n\t\tstyle=\"border-color:rgb(190, 31, 90);border-radius:8px;border-width:1px 1px 1px 1px;\">\n\t<\/div>\n\t\t\t\n<p style=\"text-align: justify;\">Vizitat gjinekologjike jan\u00eb kritike p\u00ebr diagnostikimin e hersh\u00ebm t\u00eb problemeve sh\u00ebndet\u00ebsore dhe p\u00ebr t\u00eb siguruar trajtimin e duhur n\u00eb koh\u00eb.<\/p>\n<p style=\"text-align: justify;\">P\u00ebr m\u00eb shum\u00eb informacion ose p\u00ebr t\u00eb caktuar nj\u00eb takim, na kontaktoni &#8220;Ordinanca Gjinekologjike &amp; Obstetrike ARDI&#8221;.<\/p>\n<div class=\"row align-middle align-center\"  id=\"row-352746719\">\n\n\t<div id=\"col-2007763505\" class=\"col small-12 large-12\"  >\n\t\t\t\t<div class=\"col-inner\"  >\n\t\t\t\n\t\t\t\n<div class=\"is-divider divider clearfix\" style=\"margin-top:10px;margin-bottom:10px;max-width:867px;height:1px;background-color:rgb(194, 194, 194);\"><\/div>\n\n\t<a class=\"plain\" href=\"tel:+38344246016\" target=\"_blank\" rel=\"noopener\" >\t<div class=\"icon-box featured-box icon-box-left text-left\"  >\n\t\t\t\t\t<div class=\"icon-box-img\" style=\"width: 33px\">\n\t\t\t\t<div class=\"icon\">\n\t\t\t\t\t<div class=\"icon-inner\" style=\"color:rgb(190, 31, 90);\">\n\t\t\t\t\t\t<?xml version=\"1.0\" encoding=\"UTF-8\"?> <svg xmlns=\"http:\/\/www.w3.org\/2000\/svg\" height=\"681pt\" viewBox=\"-87 -21 681 681.33577\" width=\"681pt\"><path d=\"m320.882812 517.957031-83.820312-80.355469c-19.820312-19.003906-50.027344-21.050781-71.816406-4.855468-.007813.003906-.109375.074218-.113282.082031l-.371093.277344c-.445313.335937-.863281.339843-1.144531.292969-.492188-.09375-.695313-.40625-.765626-.527344-19.363281-30.742188-32.457031-64.53125-38.929687-100.433594-6.464844-35.910156-5.980469-72.164062 1.457031-107.75.023438-.121094.09375-.441406.476563-.671875.3125-.183594.65625-.222656 1.035156-.109375l.578125.167969c26.136719 7.648437 53.828125-4.84375 65.824219-29.691407l54.859375-113.59375c7.730468-16.007812 4.417968-35.121093-8.230469-47.601562-4.484375-4.539062-9.589844-8.808594-15.179687-12.699219-50.066407-34.773437-118.398438-24.28125-155.566407 23.890625-2.308593 3.015625-4.453125 6.171875-6.519531 9.359375l-.023438.035157c-7.4375 11.011718-11.128906 17.886718-16.703124 28.273437l-1.1875 2.207031c-1.339844 2.472656-32.949219 60.992188-40.738282 102.191406-12.074218 63.90625-11.003906 129.992188 3.109375 191.105469 14.910157 64.554688 43.257813 121.992188 84.246094 170.710938 10.402344 12.363281 29.671875-3.820313 19.257813-16.203125-38.40625-45.640625-64.980469-99.535156-78.980469-160.171875-13.332031-57.75-14.339844-120.253907-2.902344-180.769531 7.050781-37.316407 37.808594-94.285157 38.144531-94.898438l1.21875-2.269531c4.863282-9.054688 9.976563-17.773438 15.585938-26.382813l.085937-.136718c1.6875-2.667969 3.488281-5.253907 5.398438-7.765626 28.980469-37.472656 82.199219-45.601562 121.210937-18.507812 4.34375 3.015625 8.273438 6.304688 11.6875 9.765625.046875.050781.097656.101563.148438.152344 5.007812 4.910156 6.324218 12.457031 3.273437 18.769531l-54.855469 113.59375c-6.632812 13.726562-21.816406 20.660156-36.082031 16.492188l-.476562-.144532c-7.085938-2.113281-14.777344-1.164062-21.101563 2.609375-6.277344 3.742188-10.734375 9.988281-12.226562 17.144531-8.105469 38.765626-8.636719 78.25-1.589844 117.363282 7.042969 39.09375 21.304688 75.890625 42.398438 109.378906 3.90625 6.210938 10.285156 10.53125 17.5 11.863281 7.28125 1.339844 14.867187-.449219 20.855468-4.945312l.34375-.253907c11.898438-8.839843 28.464844-7.65625 39.390625 2.820313l83.820313 80.355469c10.226562 9.808594 10.421875 26.351562 3.71875 38.113281-11.761719 20.488281-36.136719 34.222656-58.835938 38.074219-23.113281 3.914062-46.457031-1.289063-65.722656-14.671875-13.269531-9.214844-27.644531 11.4375-14.355469 20.667969 19.34375 13.433593 41.886719 20.449218 64.988281 20.449218 6.40625 0 12.863282-.542968 19.292969-1.632812 30.136719-5.113282 60.953125-23.355469 76.457031-50.355469l.289063-.503906c12.304687-21.4375 9.808594-50.832031-8.414063-68.304688zm0 0\"><\/path><path d=\"m366.4375 114.402344c-74.65625 0-135.386719 60.734375-135.386719 135.394531 0 6.523437.472657 13.09375 1.414063 19.582031l-22.445313 72.914063c-2.363281 7.667969 3.46875 15.851562 11.363281 16.265625l69.578126 3.644531c22.351562 15.050781 48.367187 22.984375 75.476562 22.984375 74.65625 0 135.394531-60.738281 135.394531-135.390625 0-74.660156-60.738281-135.394531-135.394531-135.394531zm0 245.617187c-23.09375 0-45.207031-7.066406-63.945312-20.4375-1.949219-1.390625-4.257813-2.199219-6.644532-2.320312l-57.03125-2.992188 18.554688-60.261719c2.179687-7.078124-1.152344-16.851562-1.152344-24.210937 0-60.78125 49.441406-110.222656 110.21875-110.222656s110.222656 49.441406 110.222656 110.222656c0 60.773437-49.445312 110.222656-110.222656 110.222656zm0 0\"><\/path><path d=\"m320.746094 240.761719c-6.84375 0-12.585938 5.742187-12.585938 12.582031 0 6.84375 5.746094 12.589844 12.585938 12.589844 6.640625 0 12.265625-5.417969 12.558594-12.039063.308593-7.046875-5.492188-13.132812-12.558594-13.132812zm0 0\"><\/path><path d=\"m134.425781 565.199219c-6.84375 0-12.585937 5.746093-12.585937 12.582031 0 6.839844 5.746094 12.585938 12.585937 12.585938 6.640625 0 12.265625-5.410157 12.558594-12.035157.308594-7.035156-5.503906-13.132812-12.558594-13.132812zm0 0\"><\/path><path d=\"m370.246094 240.761719c-6.855469 0-12.582032 5.726562-12.582032 12.582031 0 6.851562 5.738282 12.589844 12.582032 12.589844 6.648437-.007813 12.257812-5.410156 12.546875-12.039063.308593-7.046875-5.46875-13.132812-12.546875-13.132812zm0 0\"><\/path><path d=\"m419.734375 240.761719c-6.839844 0-12.582031 5.742187-12.582031 12.582031.003906 6.84375 5.75 12.589844 12.582031 12.589844 6.648437 0 12.265625-5.417969 12.558594-12.039063.316406-7.046875-5.484375-13.132812-12.558594-13.132812zm0 0\"><\/path><\/svg> \t\t\t\t\t<\/div>\n\t\t\t\t<\/div>\n\t\t\t<\/div>\n\t\t\t\t<div class=\"icon-box-text last-reset\">\n\t\t\t\t\t\t\t\t\t\n\t<div id=\"text-944568542\" class=\"text\">\n\t\t\n<p>+383 44 246 016<br \/>\n+383 46 246 016<br \/>\n\t\t\n<style>\n#text-944568542 {\n  line-height: 1.25;\n}\n<\/style>\n\t<\/div>\n\t\n\t\t<\/div>\n\t<\/div>\n\t<\/a>\n\t\n<div class=\"is-divider divider clearfix\" style=\"margin-top:10px;margin-bottom:10px;max-width:867px;height:1px;background-color:rgb(194, 194, 194);\"><\/div>\n\n\t<a class=\"plain\" href=\"mailto:gjinekologu@outlook.com\" target=\"_blank\" rel=\"noopener\" >\t<div class=\"icon-box featured-box icon-box-left text-left\"  >\n\t\t\t\t\t<div class=\"icon-box-img\" style=\"width: 33px\">\n\t\t\t\t<div class=\"icon\">\n\t\t\t\t\t<div class=\"icon-inner\" style=\"color:rgb(190, 31, 90);\">\n\t\t\t\t\t\t<?xml version=\"1.0\" encoding=\"UTF-8\"?> <!-- Generator: Adobe Illustrator 17.1.0, SVG Export Plug-In . SVG Version: 6.00 Build 0) --> <svg xmlns=\"http:\/\/www.w3.org\/2000\/svg\" xmlns:xlink=\"http:\/\/www.w3.org\/1999\/xlink\" version=\"1.1\" id=\"Capa_1\" x=\"0px\" y=\"0px\" viewBox=\"0 0 345.834 345.834\" style=\"enable-background:new 0 0 345.834 345.834;\" xml:space=\"preserve\"> <g> <path d=\"M339.798,260.429c0.13-0.026,0.257-0.061,0.385-0.094c0.109-0.028,0.219-0.051,0.326-0.084 c0.125-0.038,0.247-0.085,0.369-0.129c0.108-0.039,0.217-0.074,0.324-0.119c0.115-0.048,0.226-0.104,0.338-0.157 c0.109-0.052,0.22-0.1,0.327-0.158c0.107-0.057,0.208-0.122,0.312-0.184c0.107-0.064,0.215-0.124,0.319-0.194 c0.111-0.074,0.214-0.156,0.321-0.236c0.09-0.067,0.182-0.13,0.27-0.202c0.162-0.133,0.316-0.275,0.466-0.421 c0.027-0.026,0.056-0.048,0.083-0.075c0.028-0.028,0.052-0.059,0.079-0.088c0.144-0.148,0.284-0.3,0.416-0.46 c0.077-0.094,0.144-0.192,0.216-0.289c0.074-0.1,0.152-0.197,0.221-0.301c0.074-0.111,0.139-0.226,0.207-0.34 c0.057-0.096,0.118-0.19,0.171-0.289c0.062-0.115,0.114-0.234,0.169-0.351c0.049-0.104,0.101-0.207,0.146-0.314 c0.048-0.115,0.086-0.232,0.128-0.349c0.041-0.114,0.085-0.227,0.12-0.343c0.036-0.118,0.062-0.238,0.092-0.358 c0.029-0.118,0.063-0.234,0.086-0.353c0.028-0.141,0.045-0.283,0.065-0.425c0.014-0.1,0.033-0.199,0.043-0.3 c0.025-0.249,0.038-0.498,0.038-0.748V92.76c0-4.143-3.357-7.5-7.5-7.5h-236.25c-0.066,0-0.13,0.008-0.196,0.01 c-0.143,0.004-0.285,0.01-0.427,0.022c-0.113,0.009-0.225,0.022-0.337,0.037c-0.128,0.016-0.255,0.035-0.382,0.058 c-0.119,0.021-0.237,0.046-0.354,0.073c-0.119,0.028-0.238,0.058-0.356,0.092c-0.117,0.033-0.232,0.069-0.346,0.107 c-0.117,0.04-0.234,0.082-0.349,0.128c-0.109,0.043-0.216,0.087-0.322,0.135c-0.118,0.053-0.235,0.11-0.351,0.169 c-0.099,0.051-0.196,0.103-0.292,0.158c-0.116,0.066-0.23,0.136-0.343,0.208c-0.093,0.06-0.184,0.122-0.274,0.185 c-0.106,0.075-0.211,0.153-0.314,0.235c-0.094,0.075-0.186,0.152-0.277,0.231c-0.09,0.079-0.179,0.158-0.266,0.242 c-0.099,0.095-0.194,0.194-0.288,0.294c-0.047,0.05-0.097,0.094-0.142,0.145c-0.027,0.03-0.048,0.063-0.074,0.093 c-0.094,0.109-0.182,0.223-0.27,0.338c-0.064,0.084-0.13,0.168-0.19,0.254c-0.078,0.112-0.15,0.227-0.222,0.343 c-0.059,0.095-0.12,0.189-0.174,0.286c-0.063,0.112-0.118,0.227-0.175,0.342c-0.052,0.105-0.106,0.21-0.153,0.317 c-0.049,0.113-0.092,0.23-0.135,0.345c-0.043,0.113-0.087,0.225-0.124,0.339c-0.037,0.115-0.067,0.232-0.099,0.349 c-0.032,0.12-0.066,0.239-0.093,0.36c-0.025,0.113-0.042,0.228-0.062,0.342c-0.022,0.13-0.044,0.26-0.06,0.39 c-0.013,0.108-0.019,0.218-0.027,0.328c-0.01,0.14-0.019,0.28-0.021,0.421c-0.001,0.041-0.006,0.081-0.006,0.122v46.252 c0,4.143,3.357,7.5,7.5,7.5s7.5-3.357,7.5-7.5v-29.595l66.681,59.037c-0.348,0.245-0.683,0.516-0.995,0.827l-65.687,65.687v-49.288 c0-4.143-3.357-7.5-7.5-7.5s-7.5,3.357-7.5,7.5v9.164h-38.75c-4.143,0-7.5,3.357-7.5,7.5s3.357,7.5,7.5,7.5h38.75v43.231 c0,4.143,3.357,7.5,7.5,7.5h236.25c0.247,0,0.494-0.013,0.74-0.037c0.115-0.011,0.226-0.033,0.339-0.049 C339.542,260.469,339.67,260.454,339.798,260.429z M330.834,234.967l-65.688-65.687c-0.042-0.042-0.087-0.077-0.13-0.117 l49.383-41.897c3.158-2.68,3.546-7.412,0.866-10.571c-2.678-3.157-7.41-3.547-10.571-0.866l-84.381,71.59l-98.444-87.158h208.965 V234.967z M185.878,179.888c0.535-0.535,0.969-1.131,1.308-1.765l28.051,24.835c1.418,1.255,3.194,1.885,4.972,1.885 c1.726,0,3.451-0.593,4.853-1.781l28.587-24.254c0.26,0.38,0.553,0.743,0.89,1.08l65.687,65.687H120.191L185.878,179.888z\"><\/path> <path d=\"M7.5,170.676h126.667c4.143,0,7.5-3.357,7.5-7.5s-3.357-7.5-7.5-7.5H7.5c-4.143,0-7.5,3.357-7.5,7.5 S3.357,170.676,7.5,170.676z\"><\/path> <path d=\"M20.625,129.345H77.5c4.143,0,7.5-3.357,7.5-7.5s-3.357-7.5-7.5-7.5H20.625c-4.143,0-7.5,3.357-7.5,7.5 S16.482,129.345,20.625,129.345z\"><\/path> <path d=\"M62.5,226.51h-55c-4.143,0-7.5,3.357-7.5,7.5s3.357,7.5,7.5,7.5h55c4.143,0,7.5-3.357,7.5-7.5S66.643,226.51,62.5,226.51z\"><\/path> <\/g> <g> <\/g> <g> <\/g> <g> <\/g> <g> <\/g> <g> <\/g> <g> <\/g> <g> <\/g> <g> <\/g> <g> <\/g> <g> <\/g> <g> <\/g> <g> <\/g> <g> <\/g> <g> <\/g> <g> <\/g> <\/svg> \t\t\t\t\t<\/div>\n\t\t\t\t<\/div>\n\t\t\t<\/div>\n\t\t\t\t<div class=\"icon-box-text last-reset\">\n\t\t\t\t\t\t\t\t\t\n\t<div id=\"text-2489308822\" class=\"text\">\n\t\t\n<p>e-mail:<br \/>\ngjinekologu@outlook.com<br \/>\n\t\t\n<style>\n#text-2489308822 {\n  line-height: 1.25;\n}\n<\/style>\n\t<\/div>\n\t\n\t\t<\/div>\n\t<\/div>\n\t<\/a>\n\t\n<div class=\"is-divider divider clearfix\" style=\"margin-top:10px;margin-bottom:10px;max-width:867px;height:1px;background-color:rgb(194, 194, 194);\"><\/div>\n\n\t<a class=\"plain\" href=\"https:\/\/www.google.com\/maps\/dir\/\/42.641869,21.095915\/@42.641869,21.095915,17z\" target=\"_blank\" rel=\"noopener\" >\t<div class=\"icon-box featured-box icon-box-left text-left\"  >\n\t\t\t\t\t<div class=\"icon-box-img\" style=\"width: 33px\">\n\t\t\t\t<div class=\"icon\">\n\t\t\t\t\t<div class=\"icon-inner\" style=\"color:rgb(190, 31, 90);\">\n\t\t\t\t\t\t<?xml version=\"1.0\" encoding=\"UTF-8\"?> <!-- Generator: Adobe Illustrator 19.0.0, SVG Export Plug-In . SVG Version: 6.00 Build 0) --> <svg xmlns=\"http:\/\/www.w3.org\/2000\/svg\" xmlns:xlink=\"http:\/\/www.w3.org\/1999\/xlink\" version=\"1.1\" id=\"Layer_1\" x=\"0px\" y=\"0px\" viewBox=\"0 0 512 512\" style=\"enable-background:new 0 0 512 512;\" xml:space=\"preserve\"> <g> <g> <path d=\"M256,0C153.755,0,70.573,83.182,70.573,185.426c0,126.888,165.939,313.167,173.004,321.035 c6.636,7.391,18.222,7.378,24.846,0c7.065-7.868,173.004-194.147,173.004-321.035C441.425,83.182,358.244,0,256,0z M256,278.719 c-51.442,0-93.292-41.851-93.292-93.293S204.559,92.134,256,92.134s93.291,41.851,93.291,93.293S307.441,278.719,256,278.719z\"><\/path> <\/g> <\/g> <g> <\/g> <g> <\/g> <g> <\/g> <g> <\/g> <g> <\/g> <g> <\/g> <g> <\/g> <g> <\/g> <g> <\/g> <g> <\/g> <g> <\/g> <g> <\/g> <g> <\/g> <g> <\/g> <g> <\/g> <\/svg> \t\t\t\t\t<\/div>\n\t\t\t\t<\/div>\n\t\t\t<\/div>\n\t\t\t\t<div class=\"icon-box-text last-reset\">\n\t\t\t\t\t\t\t\t\t\n\t<div id=\"text-2508873373\" class=\"text\">\n\t\t\n<p>Adresa:<br \/>\nRr. 17 Shkurti p.n, Fush\u00eb Kosov\u00eb<br \/>\n\t\t\n<style>\n#text-2508873373 {\n  line-height: 1.25;\n}\n<\/style>\n\t<\/div>\n\t\n\t\t<\/div>\n\t<\/div>\n\t<\/a>\n\t\n\t\t<\/div>\n\t\t\t\t\t<\/div>\n\n\t\n<\/div>\n\t\t<\/div>\n\t\t<\/div><\/div>\t\t\n<style>\n#col-821098465 > .is-sticky-column > .is-sticky-column__inner > .col-inner {\n  padding: 60px 20px 15px 20px;\n}\n@media (min-width:550px) {\n  #col-821098465 > .is-sticky-column > .is-sticky-column__inner > .col-inner {\n    padding: 60px 30px 15px 30px;\n  }\n}\n<\/style>\n\t<\/div>\n\n\t\n<\/div>\n\t\t<\/div>\n\n\t\t\n<style>\n#section_114739028 {\n  padding-top: 60px;\n  padding-bottom: 60px;\n}\n<\/style>\n\t<\/section>\n\t\n","protected":false},"excerpt":{"rendered":"","protected":false},"author":1,"featured_media":0,"parent":0,"menu_order":0,"comment_status":"closed","ping_status":"closed","template":"page-blank.php","meta":{"footnotes":""},"class_list":["post-235","page","type-page","status-publish","hentry"],"_links":{"self":[{"href":"https:\/\/gjinekologjia.com\/index.php?rest_route=\/wp\/v2\/pages\/235","targetHints":{"allow":["GET"]}}],"collection":[{"href":"https:\/\/gjinekologjia.com\/index.php?rest_route=\/wp\/v2\/pages"}],"about":[{"href":"https:\/\/gjinekologjia.com\/index.php?rest_route=\/wp\/v2\/types\/page"}],"author":[{"embeddable":true,"href":"https:\/\/gjinekologjia.com\/index.php?rest_route=\/wp\/v2\/users\/1"}],"replies":[{"embeddable":true,"href":"https:\/\/gjinekologjia.com\/index.php?rest_route=%2Fwp%2Fv2%2Fcomments&post=235"}],"version-history":[{"count":6,"href":"https:\/\/gjinekologjia.com\/index.php?rest_route=\/wp\/v2\/pages\/235\/revisions"}],"predecessor-version":[{"id":290,"href":"https:\/\/gjinekologjia.com\/index.php?rest_route=\/wp\/v2\/pages\/235\/revisions\/290"}],"wp:attachment":[{"href":"https:\/\/gjinekologjia.com\/index.php?rest_route=%2Fwp%2Fv2%2Fmedia&parent=235"}],"curies":[{"name":"wp","href":"https:\/\/api.w.org\/{rel}","templated":true}]}}